{"id":31,"date":"2025-11-12T19:29:28","date_gmt":"2025-11-12T19:29:28","guid":{"rendered":"https:\/\/laplacitaky.com\/home\/"},"modified":"2025-12-31T01:58:20","modified_gmt":"2025-12-31T01:58:20","slug":"home","status":"publish","type":"page","link":"https:\/\/laplacitaky.com\/en\/","title":{"rendered":"Home"},"content":{"rendered":"<div class=\"wp-block-group alignfull has-tertiary-background-color has-background has-global-padding is-layout-constrained wp-container-core-group-is-layout-7276a2bb wp-block-group-is-layout-constrained\" id=\"products\" style=\"margin-top:0;margin-bottom:0;padding-top:var(--wp--preset--spacing--60);padding-right:var(--wp--preset--spacing--30);padding-bottom:var(--wp--preset--spacing--60);padding-left:var(--wp--preset--spacing--30)\">\n<figure class=\"wp-block-gallery alignright has-nested-images columns-default is-cropped wp-block-gallery-2 is-layout-flex wp-block-gallery-is-layout-flex\">\n<figure class=\"wp-block-image size-large is-style-ext-preset--image--soft-1--image-1--content-right is-style-ext-preset--image--soft-1--image-1--content-right--1\"><img loading=\"lazy\" decoding=\"async\" width=\"819\" height=\"1024\" data-id=\"86\" src=\"https:\/\/laplacitaky.com\/wp-content\/uploads\/2025\/11\/0A0D85A3-F292-40C8-BA50-0FBA0A989232-2-819x1024.jpeg\" alt=\"\" class=\"wp-image-86\" srcset=\"https:\/\/laplacitaky.com\/wp-content\/uploads\/2025\/11\/0A0D85A3-F292-40C8-BA50-0FBA0A989232-2-819x1024.jpeg 819w, https:\/\/laplacitaky.com\/wp-content\/uploads\/2025\/11\/0A0D85A3-F292-40C8-BA50-0FBA0A989232-2-240x300.jpeg 240w, https:\/\/laplacitaky.com\/wp-content\/uploads\/2025\/11\/0A0D85A3-F292-40C8-BA50-0FBA0A989232-2-768x960.jpeg 768w, https:\/\/laplacitaky.com\/wp-content\/uploads\/2025\/11\/0A0D85A3-F292-40C8-BA50-0FBA0A989232-2-1229x1536.jpeg 1229w, https:\/\/laplacitaky.com\/wp-content\/uploads\/2025\/11\/0A0D85A3-F292-40C8-BA50-0FBA0A989232-2-1639x2048.jpeg 1639w, https:\/\/laplacitaky.com\/wp-content\/uploads\/2025\/11\/0A0D85A3-F292-40C8-BA50-0FBA0A989232-2-600x750.jpeg 600w, https:\/\/laplacitaky.com\/wp-content\/uploads\/2025\/11\/0A0D85A3-F292-40C8-BA50-0FBA0A989232-2-scaled.jpeg 2048w\" sizes=\"auto, (max-width: 819px) 100vw, 819px\" \/><\/figure>\n<\/figure>\n\n\n\n<div class=\"wp-block-group alignwide is-content-justification-space-between is-layout-flex wp-container-core-group-is-layout-b8ec385b wp-block-group-is-layout-flex\">\n<div class=\"wp-block-group has-global-padding is-layout-constrained wp-block-group-is-layout-constrained\">\n<h2 class=\"wp-block-heading has-large-font-size\">Multi Servicios La Placita LLC.<\/h2>\n\n\n\n<p style=\"margin-top:16px\"><strong>At Multiservicios La Placita LLC, we help individuals and businesses complete important documents correctly\u2014the first time.<\/strong><br>From notary services and certified translations to apostilles and tax preparation, we make the process simple, clear, and stress-free.<\/p>\n<\/div>\n<\/div>\n\n\n\n<figure class=\"wp-block-gallery has-nested-images columns-default is-cropped wp-block-gallery-3 is-layout-flex wp-block-gallery-is-layout-flex\">\n<figure class=\"wp-block-image size-large\"><img loading=\"lazy\" decoding=\"async\" width=\"1024\" height=\"1024\" data-id=\"910\" src=\"https:\/\/laplacitaky.com\/wp-content\/uploads\/2025\/12\/image.jpg\" alt=\"\" class=\"wp-image-910\" srcset=\"https:\/\/laplacitaky.com\/wp-content\/uploads\/2025\/12\/image.jpg 1024w, https:\/\/laplacitaky.com\/wp-content\/uploads\/2025\/12\/image-300x300.jpg 300w, https:\/\/laplacitaky.com\/wp-content\/uploads\/2025\/12\/image-150x150.jpg 150w, https:\/\/laplacitaky.com\/wp-content\/uploads\/2025\/12\/image-768x768.jpg 768w, https:\/\/laplacitaky.com\/wp-content\/uploads\/2025\/12\/image-12x12.jpg 12w, https:\/\/laplacitaky.com\/wp-content\/uploads\/2025\/12\/image-600x600.jpg 600w, https:\/\/laplacitaky.com\/wp-content\/uploads\/2025\/12\/image-100x100.jpg 100w\" sizes=\"auto, (max-width: 1024px) 100vw, 1024px\" \/><figcaption class=\"wp-element-caption\">Notary <\/figcaption><\/figure>\n\n\n\n<figure class=\"wp-block-image size-large\"><a href=\"https:\/\/laplacitaky.com\/en\/image-2\/\"><img loading=\"lazy\" decoding=\"async\" width=\"1024\" height=\"1024\" data-id=\"915\" src=\"https:\/\/laplacitaky.com\/wp-content\/uploads\/2025\/12\/image-1.jpg\" alt=\"\" class=\"wp-image-915\" srcset=\"https:\/\/laplacitaky.com\/wp-content\/uploads\/2025\/12\/image-1.jpg 1024w, https:\/\/laplacitaky.com\/wp-content\/uploads\/2025\/12\/image-1-300x300.jpg 300w, https:\/\/laplacitaky.com\/wp-content\/uploads\/2025\/12\/image-1-150x150.jpg 150w, https:\/\/laplacitaky.com\/wp-content\/uploads\/2025\/12\/image-1-768x768.jpg 768w, https:\/\/laplacitaky.com\/wp-content\/uploads\/2025\/12\/image-1-12x12.jpg 12w, https:\/\/laplacitaky.com\/wp-content\/uploads\/2025\/12\/image-1-600x600.jpg 600w, https:\/\/laplacitaky.com\/wp-content\/uploads\/2025\/12\/image-1-100x100.jpg 100w\" sizes=\"auto, (max-width: 1024px) 100vw, 1024px\" \/><\/a><figcaption class=\"wp-element-caption\">Apostille<\/figcaption><\/figure>\n\n\n\n<figure class=\"wp-block-image size-large\"><img loading=\"lazy\" decoding=\"async\" width=\"1024\" height=\"1024\" data-id=\"933\" src=\"https:\/\/laplacitaky.com\/wp-content\/uploads\/2025\/12\/image-5.jpg\" alt=\"\" class=\"wp-image-933\" srcset=\"https:\/\/laplacitaky.com\/wp-content\/uploads\/2025\/12\/image-5.jpg 1024w, https:\/\/laplacitaky.com\/wp-content\/uploads\/2025\/12\/image-5-300x300.jpg 300w, https:\/\/laplacitaky.com\/wp-content\/uploads\/2025\/12\/image-5-150x150.jpg 150w, https:\/\/laplacitaky.com\/wp-content\/uploads\/2025\/12\/image-5-768x768.jpg 768w, https:\/\/laplacitaky.com\/wp-content\/uploads\/2025\/12\/image-5-12x12.jpg 12w, https:\/\/laplacitaky.com\/wp-content\/uploads\/2025\/12\/image-5-600x600.jpg 600w, https:\/\/laplacitaky.com\/wp-content\/uploads\/2025\/12\/image-5-100x100.jpg 100w\" sizes=\"auto, (max-width: 1024px) 100vw, 1024px\" \/><figcaption class=\"wp-element-caption\">Civil Weddings<\/figcaption><\/figure>\n\n\n\n<figure class=\"wp-block-image size-large\"><img loading=\"lazy\" decoding=\"async\" width=\"1024\" height=\"1024\" data-id=\"919\" src=\"https:\/\/laplacitaky.com\/wp-content\/uploads\/2025\/12\/image-2.jpg\" alt=\"\" class=\"wp-image-919\" srcset=\"https:\/\/laplacitaky.com\/wp-content\/uploads\/2025\/12\/image-2.jpg 1024w, https:\/\/laplacitaky.com\/wp-content\/uploads\/2025\/12\/image-2-300x300.jpg 300w, https:\/\/laplacitaky.com\/wp-content\/uploads\/2025\/12\/image-2-150x150.jpg 150w, https:\/\/laplacitaky.com\/wp-content\/uploads\/2025\/12\/image-2-768x768.jpg 768w, https:\/\/laplacitaky.com\/wp-content\/uploads\/2025\/12\/image-2-12x12.jpg 12w, https:\/\/laplacitaky.com\/wp-content\/uploads\/2025\/12\/image-2-600x600.jpg 600w, https:\/\/laplacitaky.com\/wp-content\/uploads\/2025\/12\/image-2-100x100.jpg 100w\" sizes=\"auto, (max-width: 1024px) 100vw, 1024px\" \/><figcaption class=\"wp-element-caption\">Certified Translation<\/figcaption><\/figure>\n\n\n\n<figure class=\"wp-block-image size-large\"><img loading=\"lazy\" decoding=\"async\" width=\"1024\" height=\"1024\" data-id=\"936\" src=\"https:\/\/laplacitaky.com\/wp-content\/uploads\/2025\/12\/image-6.jpg\" alt=\"\" class=\"wp-image-936\" srcset=\"https:\/\/laplacitaky.com\/wp-content\/uploads\/2025\/12\/image-6.jpg 1024w, https:\/\/laplacitaky.com\/wp-content\/uploads\/2025\/12\/image-6-300x300.jpg 300w, https:\/\/laplacitaky.com\/wp-content\/uploads\/2025\/12\/image-6-150x150.jpg 150w, https:\/\/laplacitaky.com\/wp-content\/uploads\/2025\/12\/image-6-768x768.jpg 768w, https:\/\/laplacitaky.com\/wp-content\/uploads\/2025\/12\/image-6-12x12.jpg 12w, https:\/\/laplacitaky.com\/wp-content\/uploads\/2025\/12\/image-6-600x600.jpg 600w, https:\/\/laplacitaky.com\/wp-content\/uploads\/2025\/12\/image-6-100x100.jpg 100w\" sizes=\"auto, (max-width: 1024px) 100vw, 1024px\" \/><\/figure>\n\n\n\n<figure class=\"wp-block-image size-large\"><img loading=\"lazy\" decoding=\"async\" width=\"683\" height=\"1024\" data-id=\"976\" src=\"https:\/\/laplacitaky.com\/wp-content\/uploads\/2025\/12\/ChatGPT-Image-Dec-30-2025-09_45_09-PM-683x1024.png\" alt=\"\" class=\"wp-image-976\" srcset=\"https:\/\/laplacitaky.com\/wp-content\/uploads\/2025\/12\/ChatGPT-Image-Dec-30-2025-09_45_09-PM-683x1024.png 683w, https:\/\/laplacitaky.com\/wp-content\/uploads\/2025\/12\/ChatGPT-Image-Dec-30-2025-09_45_09-PM-200x300.png 200w, https:\/\/laplacitaky.com\/wp-content\/uploads\/2025\/12\/ChatGPT-Image-Dec-30-2025-09_45_09-PM-768x1152.png 768w, https:\/\/laplacitaky.com\/wp-content\/uploads\/2025\/12\/ChatGPT-Image-Dec-30-2025-09_45_09-PM-8x12.png 8w, https:\/\/laplacitaky.com\/wp-content\/uploads\/2025\/12\/ChatGPT-Image-Dec-30-2025-09_45_09-PM-600x900.png 600w, https:\/\/laplacitaky.com\/wp-content\/uploads\/2025\/12\/ChatGPT-Image-Dec-30-2025-09_45_09-PM.png 1024w\" sizes=\"auto, (max-width: 683px) 100vw, 683px\" \/><figcaption class=\"wp-element-caption\"><mark style=\"background-color:rgba(0, 0, 0, 0)\" class=\"has-inline-color has-foreground-color\">Passport Photos<\/mark><\/figcaption><\/figure>\n\n\n\n<figure class=\"wp-block-image size-large\"><img loading=\"lazy\" decoding=\"async\" width=\"683\" height=\"1024\" data-id=\"978\" src=\"https:\/\/laplacitaky.com\/wp-content\/uploads\/2025\/12\/ChatGPT-Image-Dec-30-2025-09_45_09-PM-1-683x1024.png\" alt=\"\" class=\"wp-image-978\" srcset=\"https:\/\/laplacitaky.com\/wp-content\/uploads\/2025\/12\/ChatGPT-Image-Dec-30-2025-09_45_09-PM-1-683x1024.png 683w, https:\/\/laplacitaky.com\/wp-content\/uploads\/2025\/12\/ChatGPT-Image-Dec-30-2025-09_45_09-PM-1-200x300.png 200w, https:\/\/laplacitaky.com\/wp-content\/uploads\/2025\/12\/ChatGPT-Image-Dec-30-2025-09_45_09-PM-1-768x1152.png 768w, https:\/\/laplacitaky.com\/wp-content\/uploads\/2025\/12\/ChatGPT-Image-Dec-30-2025-09_45_09-PM-1-8x12.png 8w, https:\/\/laplacitaky.com\/wp-content\/uploads\/2025\/12\/ChatGPT-Image-Dec-30-2025-09_45_09-PM-1-600x900.png 600w, https:\/\/laplacitaky.com\/wp-content\/uploads\/2025\/12\/ChatGPT-Image-Dec-30-2025-09_45_09-PM-1.png 1024w\" sizes=\"auto, (max-width: 683px) 100vw, 683px\" \/><figcaption class=\"wp-element-caption\"><mark style=\"background-color:rgba(0, 0, 0, 0)\" class=\"has-inline-color has-foreground-color\">Impresiones<\/mark><\/figcaption><\/figure>\n\n\n\n<figure class=\"wp-block-image size-large\"><img loading=\"lazy\" decoding=\"async\" width=\"683\" height=\"1024\" data-id=\"980\" src=\"https:\/\/laplacitaky.com\/wp-content\/uploads\/2025\/12\/ChatGPT-Image-Dec-30-2025-09_51_33-PM-683x1024.png\" alt=\"\" class=\"wp-image-980\" srcset=\"https:\/\/laplacitaky.com\/wp-content\/uploads\/2025\/12\/ChatGPT-Image-Dec-30-2025-09_51_33-PM-683x1024.png 683w, https:\/\/laplacitaky.com\/wp-content\/uploads\/2025\/12\/ChatGPT-Image-Dec-30-2025-09_51_33-PM-200x300.png 200w, https:\/\/laplacitaky.com\/wp-content\/uploads\/2025\/12\/ChatGPT-Image-Dec-30-2025-09_51_33-PM-768x1152.png 768w, https:\/\/laplacitaky.com\/wp-content\/uploads\/2025\/12\/ChatGPT-Image-Dec-30-2025-09_51_33-PM-8x12.png 8w, https:\/\/laplacitaky.com\/wp-content\/uploads\/2025\/12\/ChatGPT-Image-Dec-30-2025-09_51_33-PM-600x900.png 600w, https:\/\/laplacitaky.com\/wp-content\/uploads\/2025\/12\/ChatGPT-Image-Dec-30-2025-09_51_33-PM.png 1024w\" sizes=\"auto, (max-width: 683px) 100vw, 683px\" \/><figcaption class=\"wp-element-caption\"><mark style=\"background-color:rgba(0, 0, 0, 0)\" class=\"has-inline-color has-foreground-color\">Escaneos<\/mark><\/figcaption><\/figure>\n\n\n\n<figure class=\"wp-block-image size-large\"><img loading=\"lazy\" decoding=\"async\" width=\"683\" height=\"1024\" data-id=\"982\" src=\"https:\/\/laplacitaky.com\/wp-content\/uploads\/2025\/12\/ChatGPT-Image-Dec-30-2025-09_55_44-PM-683x1024.png\" alt=\"\" class=\"wp-image-982\" srcset=\"https:\/\/laplacitaky.com\/wp-content\/uploads\/2025\/12\/ChatGPT-Image-Dec-30-2025-09_55_44-PM-683x1024.png 683w, https:\/\/laplacitaky.com\/wp-content\/uploads\/2025\/12\/ChatGPT-Image-Dec-30-2025-09_55_44-PM-200x300.png 200w, https:\/\/laplacitaky.com\/wp-content\/uploads\/2025\/12\/ChatGPT-Image-Dec-30-2025-09_55_44-PM-768x1152.png 768w, https:\/\/laplacitaky.com\/wp-content\/uploads\/2025\/12\/ChatGPT-Image-Dec-30-2025-09_55_44-PM-8x12.png 8w, https:\/\/laplacitaky.com\/wp-content\/uploads\/2025\/12\/ChatGPT-Image-Dec-30-2025-09_55_44-PM-600x900.png 600w, https:\/\/laplacitaky.com\/wp-content\/uploads\/2025\/12\/ChatGPT-Image-Dec-30-2025-09_55_44-PM.png 1024w\" sizes=\"auto, (max-width: 683px) 100vw, 683px\" \/><figcaption class=\"wp-element-caption\"><mark style=\"background-color:rgba(0, 0, 0, 0)\" class=\"has-inline-color has-foreground-color\">Servicios Clericales<\/mark><\/figcaption><\/figure>\n<\/figure>\n\n\n\n<div class=\"wp-block-group is-nowrap is-layout-flex wp-container-core-group-is-layout-6c531013 wp-block-group-is-layout-flex\">\n<div class=\"wp-block-columns is-layout-flex wp-container-core-columns-is-layout-28f84493 wp-block-columns-is-layout-flex\">\n<div class=\"wp-block-column is-layout-flow wp-block-column-is-layout-flow\" style=\"flex-basis:100%\"><\/div>\n<\/div>\n<\/div>\n\n\n\n<div class=\"wp-block-query alignwide is-layout-flow wp-block-query-is-layout-flow\"><\/div>\n<\/div>\n\n\n\n<div class=\"wp-block-group alignfull has-background-background-color has-background has-global-padding is-layout-constrained wp-container-core-group-is-layout-ab92b0a4 wp-block-group-is-layout-constrained\" style=\"margin-top:0;margin-bottom:0;padding-top:var(--wp--preset--spacing--30);padding-right:var(--wp--preset--spacing--30);padding-bottom:var(--wp--preset--spacing--60);padding-left:var(--wp--preset--spacing--30)\">\n<div class=\"wp-block-columns alignwide are-vertically-aligned-center is-layout-flex wp-container-core-columns-is-layout-47c06fe3 wp-block-columns-is-layout-flex\">\n<div class=\"wp-block-column is-vertically-aligned-center is-layout-flow wp-block-column-is-layout-flow\">\n<div class=\"wp-block-group has-global-padding is-layout-constrained wp-block-group-is-layout-constrained\">\n<h1 class=\"wp-block-heading has-text-align-center\">Envia con Nosotros! <\/h1>\n\n\n\n<p class=\"has-text-align-center\" style=\"margin-top:16px\">Le ofrecemos env\u00edos y retiros de dinero a trav\u00e9s de Viamericas y MoneyGram.<\/p>\n\n\n\n<p class=\"has-text-align-center\" style=\"margin-top:16px\"><br>Por cada 10 env\u00edos realizados, el d\u00e9cimo env\u00edo no tiene costo de env\u00edo.<\/p>\n\n\n\n<p class=\"has-text-align-center\" style=\"margin-top:16px\"><br>Adem\u00e1s, puede acumular puntos con Viamericas utilizando su tarjeta de lealtad.<\/p>\n<\/div>\n<\/div>\n\n\n\n<div class=\"wp-block-column is-vertically-aligned-center is-layout-flow wp-block-column-is-layout-flow\">\n<div class=\"wp-block-group is-nowrap is-layout-flex wp-container-core-group-is-layout-6c531013 wp-block-group-is-layout-flex\">\n<div class=\"wp-block-buttons is-content-justification-center is-layout-flex wp-container-core-buttons-is-layout-6e21085f wp-block-buttons-is-layout-flex\" style=\"margin-top:var(--wp--preset--spacing--40)\"><\/div>\n\n\n\n<div class=\"wp-block-media-text is-stacked-on-mobile is-vertically-aligned-top\"><figure class=\"wp-block-media-text__media\"><img loading=\"lazy\" decoding=\"async\" width=\"771\" height=\"1024\" src=\"https:\/\/laplacitaky.com\/wp-content\/uploads\/2025\/12\/IMG_7045-2-771x1024.jpeg\" alt=\"\" class=\"wp-image-924 size-full\" srcset=\"https:\/\/laplacitaky.com\/wp-content\/uploads\/2025\/12\/IMG_7045-2-771x1024.jpeg 771w, https:\/\/laplacitaky.com\/wp-content\/uploads\/2025\/12\/IMG_7045-2-226x300.jpeg 226w, https:\/\/laplacitaky.com\/wp-content\/uploads\/2025\/12\/IMG_7045-2-768x1020.jpeg 768w, https:\/\/laplacitaky.com\/wp-content\/uploads\/2025\/12\/IMG_7045-2-1156x1536.jpeg 1156w, https:\/\/laplacitaky.com\/wp-content\/uploads\/2025\/12\/IMG_7045-2-1542x2048.jpeg 1542w, https:\/\/laplacitaky.com\/wp-content\/uploads\/2025\/12\/IMG_7045-2-9x12.jpeg 9w, https:\/\/laplacitaky.com\/wp-content\/uploads\/2025\/12\/IMG_7045-2-600x797.jpeg 600w, https:\/\/laplacitaky.com\/wp-content\/uploads\/2025\/12\/IMG_7045-2-scaled.jpeg 1927w\" sizes=\"auto, (max-width: 771px) 100vw, 771px\" \/><\/figure><div class=\"wp-block-media-text__content\">\n<p>Visitenos en Facebook <\/p>\n\n\n\n<p>para ver el tipo de cambio de hoy! <\/p>\n<\/div><\/div>\n<\/div>\n<\/div>\n<\/div>\n<\/div>\n\n\n\n<div class=\"wp-block-buttons alignwide is-content-justification-right is-layout-flex wp-container-core-buttons-is-layout-a6d96f85 wp-block-buttons-is-layout-flex\">\n<div class=\"wp-block-button\"><a class=\"wp-block-button__link wp-element-button\">I want to see the exchange rate of the day! <\/a><\/div>\n<\/div>\n\n\n\n<div class=\"wp-block-group alignfull has-background-background-color has-background has-global-padding is-layout-constrained wp-container-core-group-is-layout-7276a2bb wp-block-group-is-layout-constrained\" id=\"about\" style=\"margin-top:0;margin-bottom:0;padding-top:var(--wp--preset--spacing--60);padding-right:var(--wp--preset--spacing--30);padding-bottom:var(--wp--preset--spacing--60);padding-left:var(--wp--preset--spacing--30)\">\n<div class=\"wp-block-columns alignwide are-vertically-aligned-center is-layout-flex wp-container-core-columns-is-layout-47c06fe3 wp-block-columns-is-layout-flex\">\n<div class=\"wp-block-column is-vertically-aligned-center is-layout-flow wp-container-core-column-is-layout-f5bb311e wp-block-column-is-layout-flow\" style=\"flex-basis:50%\">\n<div class=\"wp-block-group has-global-padding is-layout-constrained wp-container-core-group-is-layout-279e0ccb wp-block-group-is-layout-constrained\">\n<figure class=\"wp-block-image size-full has-custom-border\"><img loading=\"lazy\" decoding=\"async\" width=\"500\" height=\"500\" src=\"https:\/\/laplacitaky.com\/wp-content\/uploads\/2025\/11\/Antojitos.png\" alt=\"\" class=\"wp-image-435\" style=\"border-radius:20rem;aspect-ratio:3\/4;object-fit:cover\" srcset=\"https:\/\/laplacitaky.com\/wp-content\/uploads\/2025\/11\/Antojitos.png 500w, https:\/\/laplacitaky.com\/wp-content\/uploads\/2025\/11\/Antojitos-300x300.png 300w, https:\/\/laplacitaky.com\/wp-content\/uploads\/2025\/11\/Antojitos-150x150.png 150w, https:\/\/laplacitaky.com\/wp-content\/uploads\/2025\/11\/Antojitos-12x12.png 12w, https:\/\/laplacitaky.com\/wp-content\/uploads\/2025\/11\/Antojitos-100x100.png 100w\" sizes=\"auto, (max-width: 500px) 100vw, 500px\" \/><\/figure>\n<\/div>\n<\/div>\n\n\n\n<div class=\"wp-block-column is-vertically-aligned-center is-layout-flow wp-block-column-is-layout-flow\" style=\"flex-basis:60%\">\n<h2 class=\"wp-block-heading has-large-font-size\">Visitenos al lado de La Placita Antojitos <\/h2>\n\n\n\n<p><strong>830 Old Morgantown Rd. <\/strong><\/p>\n\n\n\n<p>270-893-1193<br><\/p>\n\n\n\n<p>Authentic Mexican and Latin American Food since 2013. <\/p>\n\n\n\n<p><\/p>\n\n\n\n<p style=\"margin-top:16px\"><\/p>\n\n\n\n<figure class=\"wp-block-gallery has-nested-images columns-default is-cropped wp-block-gallery-4 is-layout-flex wp-block-gallery-is-layout-flex\">\n<figure class=\"wp-block-image size-large\"><img loading=\"lazy\" decoding=\"async\" width=\"1024\" height=\"768\" data-id=\"800\" src=\"https:\/\/laplacitaky.com\/wp-content\/uploads\/2025\/11\/churros-y-atole-1024x768.jpg\" alt=\"\" class=\"wp-image-800\" srcset=\"https:\/\/laplacitaky.com\/wp-content\/uploads\/2025\/11\/churros-y-atole-1024x768.jpg 1024w, https:\/\/laplacitaky.com\/wp-content\/uploads\/2025\/11\/churros-y-atole-300x225.jpg 300w, https:\/\/laplacitaky.com\/wp-content\/uploads\/2025\/11\/churros-y-atole-768x576.jpg 768w, https:\/\/laplacitaky.com\/wp-content\/uploads\/2025\/11\/churros-y-atole-1536x1152.jpg 1536w, https:\/\/laplacitaky.com\/wp-content\/uploads\/2025\/11\/churros-y-atole-16x12.jpg 16w, https:\/\/laplacitaky.com\/wp-content\/uploads\/2025\/11\/churros-y-atole-600x450.jpg 600w, https:\/\/laplacitaky.com\/wp-content\/uploads\/2025\/11\/churros-y-atole.jpg 2048w\" sizes=\"auto, (max-width: 1024px) 100vw, 1024px\" \/><\/figure>\n\n\n\n<figure class=\"wp-block-image size-large\"><img loading=\"lazy\" decoding=\"async\" width=\"768\" height=\"1024\" data-id=\"798\" src=\"https:\/\/laplacitaky.com\/wp-content\/uploads\/2025\/11\/gorditas-768x1024.jpg\" alt=\"\" class=\"wp-image-798\" srcset=\"https:\/\/laplacitaky.com\/wp-content\/uploads\/2025\/11\/gorditas-768x1024.jpg 768w, https:\/\/laplacitaky.com\/wp-content\/uploads\/2025\/11\/gorditas-225x300.jpg 225w, https:\/\/laplacitaky.com\/wp-content\/uploads\/2025\/11\/gorditas-1152x1536.jpg 1152w, https:\/\/laplacitaky.com\/wp-content\/uploads\/2025\/11\/gorditas-9x12.jpg 9w, https:\/\/laplacitaky.com\/wp-content\/uploads\/2025\/11\/gorditas-600x800.jpg 600w, https:\/\/laplacitaky.com\/wp-content\/uploads\/2025\/11\/gorditas.jpg 1536w\" sizes=\"auto, (max-width: 768px) 100vw, 768px\" \/><\/figure>\n\n\n\n<figure class=\"wp-block-image size-large\"><img loading=\"lazy\" decoding=\"async\" width=\"1024\" height=\"768\" data-id=\"797\" src=\"https:\/\/laplacitaky.com\/wp-content\/uploads\/2025\/11\/micheladas-1024x768.jpg\" alt=\"\" class=\"wp-image-797\" srcset=\"https:\/\/laplacitaky.com\/wp-content\/uploads\/2025\/11\/micheladas-1024x768.jpg 1024w, https:\/\/laplacitaky.com\/wp-content\/uploads\/2025\/11\/micheladas-300x225.jpg 300w, https:\/\/laplacitaky.com\/wp-content\/uploads\/2025\/11\/micheladas-768x576.jpg 768w, https:\/\/laplacitaky.com\/wp-content\/uploads\/2025\/11\/micheladas-1536x1152.jpg 1536w, https:\/\/laplacitaky.com\/wp-content\/uploads\/2025\/11\/micheladas-16x12.jpg 16w, https:\/\/laplacitaky.com\/wp-content\/uploads\/2025\/11\/micheladas-600x450.jpg 600w, https:\/\/laplacitaky.com\/wp-content\/uploads\/2025\/11\/micheladas.jpg 2048w\" sizes=\"auto, (max-width: 1024px) 100vw, 1024px\" \/><\/figure>\n\n\n\n<figure class=\"wp-block-image size-large\"><img loading=\"lazy\" decoding=\"async\" width=\"768\" height=\"1024\" data-id=\"799\" src=\"https:\/\/laplacitaky.com\/wp-content\/uploads\/2025\/11\/pupusas-768x1024.jpg\" alt=\"\" class=\"wp-image-799\" srcset=\"https:\/\/laplacitaky.com\/wp-content\/uploads\/2025\/11\/pupusas-768x1024.jpg 768w, https:\/\/laplacitaky.com\/wp-content\/uploads\/2025\/11\/pupusas-225x300.jpg 225w, https:\/\/laplacitaky.com\/wp-content\/uploads\/2025\/11\/pupusas-1152x1536.jpg 1152w, https:\/\/laplacitaky.com\/wp-content\/uploads\/2025\/11\/pupusas-9x12.jpg 9w, https:\/\/laplacitaky.com\/wp-content\/uploads\/2025\/11\/pupusas-600x800.jpg 600w, https:\/\/laplacitaky.com\/wp-content\/uploads\/2025\/11\/pupusas.jpg 1536w\" sizes=\"auto, (max-width: 768px) 100vw, 768px\" \/><\/figure>\n\n\n\n<figure class=\"wp-block-image size-large\"><img loading=\"lazy\" decoding=\"async\" width=\"768\" height=\"1024\" data-id=\"801\" src=\"https:\/\/laplacitaky.com\/wp-content\/uploads\/2025\/11\/tacos-1-768x1024.jpg\" alt=\"\" class=\"wp-image-801\" srcset=\"https:\/\/laplacitaky.com\/wp-content\/uploads\/2025\/11\/tacos-1-768x1024.jpg 768w, https:\/\/laplacitaky.com\/wp-content\/uploads\/2025\/11\/tacos-1-225x300.jpg 225w, https:\/\/laplacitaky.com\/wp-content\/uploads\/2025\/11\/tacos-1-1152x1536.jpg 1152w, https:\/\/laplacitaky.com\/wp-content\/uploads\/2025\/11\/tacos-1-9x12.jpg 9w, https:\/\/laplacitaky.com\/wp-content\/uploads\/2025\/11\/tacos-1-600x800.jpg 600w, https:\/\/laplacitaky.com\/wp-content\/uploads\/2025\/11\/tacos-1.jpg 1536w\" sizes=\"auto, (max-width: 768px) 100vw, 768px\" \/><\/figure>\n<\/figure>\n<\/div>\n<\/div>\n\n\n\n<div class=\"wp-block-buttons is-layout-flex wp-block-buttons-is-layout-flex\">\n<div class=\"wp-block-button\"><a class=\"wp-block-button__link wp-element-button\">Click here to see the full menu <\/a><\/div>\n<\/div>\n\n\n\n<div class=\"wp-block-buttons is-layout-flex wp-block-buttons-is-layout-flex\"><\/div>\n<\/div>","protected":false},"excerpt":{"rendered":"<p>Multi Servicios La Placita LLC. At Multiservicios La Placita LLC, we help individuals and businesses complete important documents correctly\u2014the first time.From notary services and certified translations to apostilles and tax preparation, we make the process simple, clear, and stress-free. Envia con Nosotros! Le ofrecemos env\u00edos y retiros de dinero a trav\u00e9s de Viamericas y MoneyGram. [&hellip;]<\/p>\n","protected":false},"author":1,"featured_media":0,"parent":0,"menu_order":0,"comment_status":"closed","ping_status":"closed","template":"no-title","meta":{"footnotes":""},"class_list":["post-31","page","type-page","status-publish","hentry"],"_links":{"self":[{"href":"https:\/\/laplacitaky.com\/en\/wp-json\/wp\/v2\/pages\/31","targetHints":{"allow":["GET"]}}],"collection":[{"href":"https:\/\/laplacitaky.com\/en\/wp-json\/wp\/v2\/pages"}],"about":[{"href":"https:\/\/laplacitaky.com\/en\/wp-json\/wp\/v2\/types\/page"}],"author":[{"embeddable":true,"href":"https:\/\/laplacitaky.com\/en\/wp-json\/wp\/v2\/users\/1"}],"replies":[{"embeddable":true,"href":"https:\/\/laplacitaky.com\/en\/wp-json\/wp\/v2\/comments?post=31"}],"version-history":[{"count":188,"href":"https:\/\/laplacitaky.com\/en\/wp-json\/wp\/v2\/pages\/31\/revisions"}],"predecessor-version":[{"id":985,"href":"https:\/\/laplacitaky.com\/en\/wp-json\/wp\/v2\/pages\/31\/revisions\/985"}],"wp:attachment":[{"href":"https:\/\/laplacitaky.com\/en\/wp-json\/wp\/v2\/media?parent=31"}],"curies":[{"name":"wp","href":"https:\/\/api.w.org\/{rel}","templated":true}]}}